{"id":100896,"date":"2022-08-11T08:22:24","date_gmt":"2022-08-11T12:22:24","guid":{"rendered":"https:\/\/rsc.diskdaddy.com\/ce-que-nous-faisons\/school-based-mental-health\/"},"modified":"2022-12-05T15:21:26","modified_gmt":"2022-12-05T20:21:26","slug":"intervenants-scolaires-en-sante-mentale","status":"publish","type":"page","link":"https:\/\/www.robertssmartcentre.com\/fr\/ce-que-nous-faisons\/intervenants-scolaires-en-sante-mentale\/","title":{"rendered":"Intervenants Scolaires en Sante Mentale"},"content":{"rendered":"<p>[et_pb_section fb_built=\u00a0\u00bb1&Prime; fullwidth=\u00a0\u00bbon\u00a0\u00bb admin_label=\u00a0\u00bbInterior Hero\u00a0\u00bb module_class=\u00a0\u00bbsfly_interior_hero_1 sfly_marketing\u00a0\u00bb _builder_version=\u00a0\u00bb4.18.0&Prime; background_enable_color=\u00a0\u00bboff\u00a0\u00bb saved_tabs=\u00a0\u00bball\u00a0\u00bb locked=\u00a0\u00bboff\u00a0\u00bb global_colors_info=\u00a0\u00bb{}\u00a0\u00bb][et_pb_fullwidth_header title=\u00a0\u00bbIntervenants scolaires en sant\u00e9 mentale\u00a0\u00bb text_orientation=\u00a0\u00bbcenter\u00a0\u00bb module_class=\u00a0\u00bbsfly_fullwidth_header\u00a0\u00bb _builder_version=\u00a0\u00bb4.18.0&Prime; title_font=\u00a0\u00bb|700|||||||\u00a0\u00bb title_font_size=\u00a0\u00bb48px\u00a0\u00bb content_font=\u00a0\u00bb||||||||\u00a0\u00bb content_font_size=\u00a0\u00bb18px\u00a0\u00bb subhead_font=\u00a0\u00bb||||||||\u00a0\u00bb subhead_font_size=\u00a0\u00bb19px\u00a0\u00bb background_color=\u00a0\u00bb#302f70&Prime; background_enable_image=\u00a0\u00bboff\u00a0\u00bb background_position=\u00a0\u00bbbottom_left\u00a0\u00bb custom_button_one=\u00a0\u00bbon\u00a0\u00bb button_one_text_color=\u00a0\u00bb#000000&Prime; button_one_bg_color=\u00a0\u00bb#ffffff\u00a0\u00bb button_one_border_color=\u00a0\u00bb#ffffff\u00a0\u00bb button_one_font=\u00a0\u00bb|700|||||||\u00a0\u00bb button_one_use_icon=\u00a0\u00bboff\u00a0\u00bb custom_button_two=\u00a0\u00bbon\u00a0\u00bb button_two_font=\u00a0\u00bb|700|||||||\u00a0\u00bb button_two_use_icon=\u00a0\u00bboff\u00a0\u00bb custom_padding=\u00a0\u00bb15px||36px||false|false\u00a0\u00bb animation_style=\u00a0\u00bbfade\u00a0\u00bb title_font_size_tablet=\u00a0\u00bb36px\u00a0\u00bb title_font_size_phone=\u00a0\u00bb24px\u00a0\u00bb title_font_size_last_edited=\u00a0\u00bbon|desktop\u00a0\u00bb button_one_text_color_hover=\u00a0\u00bb#ffffff\u00a0\u00bb button_two_text_color_hover=\u00a0\u00bb#ffffff\u00a0\u00bb button_one_border_color_hover=\u00a0\u00bb#ffffff\u00a0\u00bb button_two_border_color_hover=\u00a0\u00bb#ffffff\u00a0\u00bb button_one_bg_color_hover=\u00a0\u00bbrgba(255,255,255,0)\u00a0\u00bb button_two_bg_color_hover=\u00a0\u00bbrgba(0,0,0,0)\u00a0\u00bb global_colors_info=\u00a0\u00bb{}\u00a0\u00bb button_one_text_size__hover_enabled=\u00a0\u00bboff\u00a0\u00bb button_two_text_size__hover_enabled=\u00a0\u00bboff\u00a0\u00bb button_one_text_color__hover_enabled=\u00a0\u00bbon\u00a0\u00bb button_one_text_color__hover=\u00a0\u00bb#ffffff\u00a0\u00bb button_two_text_color__hover_enabled=\u00a0\u00bbon\u00a0\u00bb button_two_text_color__hover=\u00a0\u00bb#ffffff\u00a0\u00bb button_one_border_width__hover_enabled=\u00a0\u00bboff\u00a0\u00bb button_two_border_width__hover_enabled=\u00a0\u00bboff\u00a0\u00bb button_one_border_color__hover_enabled=\u00a0\u00bbon\u00a0\u00bb button_one_border_color__hover=\u00a0\u00bb#ffffff\u00a0\u00bb button_two_border_color__hover_enabled=\u00a0\u00bbon\u00a0\u00bb button_two_border_color__hover=\u00a0\u00bb#ffffff\u00a0\u00bb button_one_border_radius__hover_enabled=\u00a0\u00bboff\u00a0\u00bb button_two_border_radius__hover_enabled=\u00a0\u00bboff\u00a0\u00bb button_one_letter_spacing__hover_enabled=\u00a0\u00bboff\u00a0\u00bb button_two_letter_spacing__hover_enabled=\u00a0\u00bboff\u00a0\u00bb button_one_bg_color__hover_enabled=\u00a0\u00bbon\u00a0\u00bb button_one_bg_color__hover=\u00a0\u00bbrgba(255,255,255,0)\u00a0\u00bb button_two_bg_color__hover_enabled=\u00a0\u00bbon\u00a0\u00bb button_two_bg_color__hover=\u00a0\u00bbrgba(0,0,0,0)\u00a0\u00bb][\/et_pb_fullwidth_header][\/et_pb_section][et_pb_section fb_built=\u00a0\u00bb1&Prime; custom_padding_last_edited=\u00a0\u00bbon|tablet\u00a0\u00bb admin_label=\u00a0\u00bbCTA 1&Prime; module_class=\u00a0\u00bbsfly_cta sfly_cta_1&Prime; _builder_version=\u00a0\u00bb4.17.6&Prime; custom_padding=\u00a0\u00bb|||\u00a0\u00bb custom_padding_tablet=\u00a0\u00bb|||\u00a0\u00bb custom_padding_phone=\u00a0\u00bb\u00a0\u00bb global_colors_info=\u00a0\u00bb{}\u00a0\u00bb][et_pb_row _builder_version=\u00a0\u00bb4.16&Prime; custom_padding=\u00a0\u00bb|||\u00a0\u00bb global_colors_info=\u00a0\u00bb{}\u00a0\u00bb][et_pb_column type=\u00a0\u00bb4_4&Prime; _builder_version=\u00a0\u00bb4.16&Prime; custom_padding=\u00a0\u00bb|||\u00a0\u00bb global_colors_info=\u00a0\u00bb{}\u00a0\u00bb custom_padding__hover=\u00a0\u00bb|||\u00a0\u00bb][et_pb_text _builder_version=\u00a0\u00bb4.18.0&Prime; text_font_size=\u00a0\u00bb17px\u00a0\u00bb text_line_height=\u00a0\u00bb1.2em\u00a0\u00bb header_font=\u00a0\u00bbAnton||||||||\u00a0\u00bb header_3_font=\u00a0\u00bbAnton||||||||\u00a0\u00bb global_colors_info=\u00a0\u00bb{}\u00a0\u00bb]<\/p>\n<h2><span style=\"font-weight: 400;\">Intervenants scolaires en sant\u00e9 mentale<\/span><\/h2>\n<p><span style=\"font-weight: 400;\">Le Programme de sant\u00e9 mentale en milieu scolaire du Centre Roberts\/Smart offre des services en sant\u00e9 mentale dans les \u00e9coles de la r\u00e9gion. Ces services sont personnalis\u00e9s, ax\u00e9s sur le soutien aux jeunes et offerts \u00e0 l\u2019\u00e9cole ou durant la p\u00e9riode estivale lorsque requis. Ce programme porte une attention particuli\u00e8re \u00e0 la pr\u00e9vention et la r\u00e9duction des probl\u00e8mes de sant\u00e9 mentale, de m\u00eame qu\u2019au soutien en sant\u00e9 mentale. Les situations cibl\u00e9es plus sp\u00e9cifiquement sont le stress, l\u2019anxi\u00e9t\u00e9, la d\u00e9pression, le harc\u00e8lement, la consommation de substances et les conflits familiaux. Le personnel du Centre travaille en collaboration avec le personnel des \u00e9coles secondaires \u00e0 la coordination et la r\u00e9f\u00e9rence des adolescents qui auraient besoin de services en sant\u00e9 mentale aussi bien que de soutien concernant l\u2019acquisition de comp\u00e9tences sociales ou d\u2019aide \u00e0 la transition.<\/span><\/p>\n<p>[\/et_pb_text][\/et_pb_column][\/et_pb_row][\/et_pb_section]<\/p>\n","protected":false},"excerpt":{"rendered":"<p>Intervenants scolaires en sant\u00e9 mentale Le Programme de sant\u00e9 mentale en milieu scolaire du Centre Roberts\/Smart offre des services en sant\u00e9 mentale dans les \u00e9coles de la r\u00e9gion. Ces services sont personnalis\u00e9s, ax\u00e9s sur le soutien aux jeunes et offerts \u00e0 l\u2019\u00e9cole ou durant la p\u00e9riode estivale lorsque requis. Ce programme porte une attention particuli\u00e8re [&hellip;]<\/p>\n","protected":false},"author":14,"featured_media":0,"parent":100882,"menu_order":0,"comment_status":"closed","ping_status":"closed","template":"","meta":{"_et_pb_use_builder":"on","_et_pb_old_content":"","_et_gb_content_width":"","inline_featured_image":false,"footnotes":""},"class_list":["post-100896","page","type-page","status-publish","hentry"],"yoast_head":"<!-- This site is optimized with the Yoast SEO plugin v27.4 - https:\/\/yoast.com\/product\/yoast-seo-wordpress\/ -->\n<title>Intervenants Scolaires en Sante Mentale - Roberts Smart Centre<\/title>\n<meta name=\"robots\" content=\"index, follow, max-snippet:-1, max-image-preview:large, max-video-preview:-1\" \/>\n<link rel=\"canonical\" href=\"https:\/\/www.robertssmartcentre.com\/fr\/ce-que-nous-faisons\/intervenants-scolaires-en-sante-mentale\/\" \/>\n<meta property=\"og:locale\" content=\"fr_FR\" \/>\n<meta property=\"og:type\" content=\"article\" \/>\n<meta property=\"og:title\" content=\"Intervenants Scolaires en Sante Mentale - Roberts Smart Centre\" \/>\n<meta property=\"og:description\" content=\"Intervenants scolaires en sant\u00e9 mentale Le Programme de sant\u00e9 mentale en milieu scolaire du Centre Roberts\/Smart offre des services en sant\u00e9 mentale dans les \u00e9coles de la r\u00e9gion. Ces services sont personnalis\u00e9s, ax\u00e9s sur le soutien aux jeunes et offerts \u00e0 l\u2019\u00e9cole ou durant la p\u00e9riode estivale lorsque requis. Ce programme porte une attention particuli\u00e8re [&hellip;]\" \/>\n<meta property=\"og:url\" content=\"https:\/\/www.robertssmartcentre.com\/fr\/ce-que-nous-faisons\/intervenants-scolaires-en-sante-mentale\/\" \/>\n<meta property=\"og:site_name\" content=\"Roberts Smart Centre\" \/>\n<meta property=\"article:modified_time\" content=\"2022-12-05T20:21:26+00:00\" \/>\n<meta name=\"twitter:card\" content=\"summary_large_image\" \/>\n<meta name=\"twitter:label1\" content=\"Dur\u00e9e de lecture estim\u00e9e\" \/>\n\t<meta name=\"twitter:data1\" content=\"2 minutes\" \/>\n<script type=\"application\/ld+json\" class=\"yoast-schema-graph\">{\"@context\":\"https:\\\/\\\/schema.org\",\"@graph\":[{\"@type\":\"WebPage\",\"@id\":\"https:\\\/\\\/www.robertssmartcentre.com\\\/fr\\\/ce-que-nous-faisons\\\/intervenants-scolaires-en-sante-mentale\\\/\",\"url\":\"https:\\\/\\\/www.robertssmartcentre.com\\\/fr\\\/ce-que-nous-faisons\\\/intervenants-scolaires-en-sante-mentale\\\/\",\"name\":\"Intervenants Scolaires en Sante Mentale - Roberts Smart Centre\",\"isPartOf\":{\"@id\":\"https:\\\/\\\/www.robertssmartcentre.com\\\/#website\"},\"datePublished\":\"2022-08-11T12:22:24+00:00\",\"dateModified\":\"2022-12-05T20:21:26+00:00\",\"breadcrumb\":{\"@id\":\"https:\\\/\\\/www.robertssmartcentre.com\\\/fr\\\/ce-que-nous-faisons\\\/intervenants-scolaires-en-sante-mentale\\\/#breadcrumb\"},\"inLanguage\":\"fr-FR\",\"potentialAction\":[{\"@type\":\"ReadAction\",\"target\":[\"https:\\\/\\\/www.robertssmartcentre.com\\\/fr\\\/ce-que-nous-faisons\\\/intervenants-scolaires-en-sante-mentale\\\/\"]}]},{\"@type\":\"BreadcrumbList\",\"@id\":\"https:\\\/\\\/www.robertssmartcentre.com\\\/fr\\\/ce-que-nous-faisons\\\/intervenants-scolaires-en-sante-mentale\\\/#breadcrumb\",\"itemListElement\":[{\"@type\":\"ListItem\",\"position\":1,\"name\":\"Home\",\"item\":\"https:\\\/\\\/www.robertssmartcentre.com\\\/fr\\\/\"},{\"@type\":\"ListItem\",\"position\":2,\"name\":\"Ce que nous faisons\",\"item\":\"https:\\\/\\\/www.robertssmartcentre.com\\\/fr\\\/ce-que-nous-faisons\\\/\"},{\"@type\":\"ListItem\",\"position\":3,\"name\":\"Intervenants Scolaires en Sante Mentale\"}]},{\"@type\":\"WebSite\",\"@id\":\"https:\\\/\\\/www.robertssmartcentre.com\\\/#website\",\"url\":\"https:\\\/\\\/www.robertssmartcentre.com\\\/\",\"name\":\"Roberts Smart Centre\",\"description\":\"Empowering youth, families, and communities\",\"potentialAction\":[{\"@type\":\"SearchAction\",\"target\":{\"@type\":\"EntryPoint\",\"urlTemplate\":\"https:\\\/\\\/www.robertssmartcentre.com\\\/?s={search_term_string}\"},\"query-input\":{\"@type\":\"PropertyValueSpecification\",\"valueRequired\":true,\"valueName\":\"search_term_string\"}}],\"inLanguage\":\"fr-FR\"}]}<\/script>\n<!-- \/ Yoast SEO plugin. -->","yoast_head_json":{"title":"Intervenants Scolaires en Sante Mentale - Roberts Smart Centre","robots":{"index":"index","follow":"follow","max-snippet":"max-snippet:-1","max-image-preview":"max-image-preview:large","max-video-preview":"max-video-preview:-1"},"canonical":"https:\/\/www.robertssmartcentre.com\/fr\/ce-que-nous-faisons\/intervenants-scolaires-en-sante-mentale\/","og_locale":"fr_FR","og_type":"article","og_title":"Intervenants Scolaires en Sante Mentale - Roberts Smart Centre","og_description":"Intervenants scolaires en sant\u00e9 mentale Le Programme de sant\u00e9 mentale en milieu scolaire du Centre Roberts\/Smart offre des services en sant\u00e9 mentale dans les \u00e9coles de la r\u00e9gion. Ces services sont personnalis\u00e9s, ax\u00e9s sur le soutien aux jeunes et offerts \u00e0 l\u2019\u00e9cole ou durant la p\u00e9riode estivale lorsque requis. Ce programme porte une attention particuli\u00e8re [&hellip;]","og_url":"https:\/\/www.robertssmartcentre.com\/fr\/ce-que-nous-faisons\/intervenants-scolaires-en-sante-mentale\/","og_site_name":"Roberts Smart Centre","article_modified_time":"2022-12-05T20:21:26+00:00","twitter_card":"summary_large_image","twitter_misc":{"Dur\u00e9e de lecture estim\u00e9e":"2 minutes"},"schema":{"@context":"https:\/\/schema.org","@graph":[{"@type":"WebPage","@id":"https:\/\/www.robertssmartcentre.com\/fr\/ce-que-nous-faisons\/intervenants-scolaires-en-sante-mentale\/","url":"https:\/\/www.robertssmartcentre.com\/fr\/ce-que-nous-faisons\/intervenants-scolaires-en-sante-mentale\/","name":"Intervenants Scolaires en Sante Mentale - Roberts Smart Centre","isPartOf":{"@id":"https:\/\/www.robertssmartcentre.com\/#website"},"datePublished":"2022-08-11T12:22:24+00:00","dateModified":"2022-12-05T20:21:26+00:00","breadcrumb":{"@id":"https:\/\/www.robertssmartcentre.com\/fr\/ce-que-nous-faisons\/intervenants-scolaires-en-sante-mentale\/#breadcrumb"},"inLanguage":"fr-FR","potentialAction":[{"@type":"ReadAction","target":["https:\/\/www.robertssmartcentre.com\/fr\/ce-que-nous-faisons\/intervenants-scolaires-en-sante-mentale\/"]}]},{"@type":"BreadcrumbList","@id":"https:\/\/www.robertssmartcentre.com\/fr\/ce-que-nous-faisons\/intervenants-scolaires-en-sante-mentale\/#breadcrumb","itemListElement":[{"@type":"ListItem","position":1,"name":"Home","item":"https:\/\/www.robertssmartcentre.com\/fr\/"},{"@type":"ListItem","position":2,"name":"Ce que nous faisons","item":"https:\/\/www.robertssmartcentre.com\/fr\/ce-que-nous-faisons\/"},{"@type":"ListItem","position":3,"name":"Intervenants Scolaires en Sante Mentale"}]},{"@type":"WebSite","@id":"https:\/\/www.robertssmartcentre.com\/#website","url":"https:\/\/www.robertssmartcentre.com\/","name":"Roberts Smart Centre","description":"Empowering youth, families, and communities","potentialAction":[{"@type":"SearchAction","target":{"@type":"EntryPoint","urlTemplate":"https:\/\/www.robertssmartcentre.com\/?s={search_term_string}"},"query-input":{"@type":"PropertyValueSpecification","valueRequired":true,"valueName":"search_term_string"}}],"inLanguage":"fr-FR"}]}},"_links":{"self":[{"href":"https:\/\/www.robertssmartcentre.com\/fr\/wp-json\/wp\/v2\/pages\/100896","targetHints":{"allow":["GET"]}}],"collection":[{"href":"https:\/\/www.robertssmartcentre.com\/fr\/wp-json\/wp\/v2\/pages"}],"about":[{"href":"https:\/\/www.robertssmartcentre.com\/fr\/wp-json\/wp\/v2\/types\/page"}],"author":[{"embeddable":true,"href":"https:\/\/www.robertssmartcentre.com\/fr\/wp-json\/wp\/v2\/users\/14"}],"replies":[{"embeddable":true,"href":"https:\/\/www.robertssmartcentre.com\/fr\/wp-json\/wp\/v2\/comments?post=100896"}],"version-history":[{"count":5,"href":"https:\/\/www.robertssmartcentre.com\/fr\/wp-json\/wp\/v2\/pages\/100896\/revisions"}],"predecessor-version":[{"id":102573,"href":"https:\/\/www.robertssmartcentre.com\/fr\/wp-json\/wp\/v2\/pages\/100896\/revisions\/102573"}],"up":[{"embeddable":true,"href":"https:\/\/www.robertssmartcentre.com\/fr\/wp-json\/wp\/v2\/pages\/100882"}],"wp:attachment":[{"href":"https:\/\/www.robertssmartcentre.com\/fr\/wp-json\/wp\/v2\/media?parent=100896"}],"curies":[{"name":"wp","href":"https:\/\/api.w.org\/{rel}","templated":true}]}}