{"id":100893,"date":"2022-08-11T08:24:03","date_gmt":"2022-08-11T12:24:03","guid":{"rendered":"https:\/\/rsc.diskdaddy.com\/ce-que-nous-faisons\/roberts-smart-academy\/"},"modified":"2022-09-08T14:26:25","modified_gmt":"2022-09-08T18:26:25","slug":"roberts-smart-academy","status":"publish","type":"page","link":"https:\/\/www.robertssmartcentre.com\/fr\/ce-que-nous-faisons\/roberts-smart-academy\/","title":{"rendered":"\u00c9COLE PRIV\u00c9E ROBERTS\/SMART"},"content":{"rendered":"<p>[et_pb_section fb_built=\u00a0\u00bb1&Prime; fullwidth=\u00a0\u00bbon\u00a0\u00bb admin_label=\u00a0\u00bbInterior Hero\u00a0\u00bb module_class=\u00a0\u00bbsfly_interior_hero_1 sfly_marketing\u00a0\u00bb _builder_version=\u00a0\u00bb4.18.0&Prime; hover_enabled=\u00a0\u00bb0&Prime; saved_tabs=\u00a0\u00bball\u00a0\u00bb locked=\u00a0\u00bboff\u00a0\u00bb global_colors_info=\u00a0\u00bb{}\u00a0\u00bb background_enable_color=\u00a0\u00bboff\u00a0\u00bb sticky_enabled=\u00a0\u00bb0&Prime;][et_pb_fullwidth_header title=\u00a0\u00bb\u00c9cole priv\u00e9e Roberts\/Smart\u00a0\u00bb subhead=\u00a0\u00bb(L\u2019\u00e9cole priv\u00e9e Debbie Campbell Learning Academy)\u00a0\u00bb text_orientation=\u00a0\u00bbcenter\u00a0\u00bb module_class=\u00a0\u00bbsfly_fullwidth_header\u00a0\u00bb _builder_version=\u00a0\u00bb4.18.0&Prime; title_font=\u00a0\u00bb|700|||||||\u00a0\u00bb title_font_size=\u00a0\u00bb48px\u00a0\u00bb content_font=\u00a0\u00bb||||||||\u00a0\u00bb content_font_size=\u00a0\u00bb18px\u00a0\u00bb subhead_font=\u00a0\u00bb||||||||\u00a0\u00bb custom_button_one=\u00a0\u00bbon\u00a0\u00bb button_one_text_color=\u00a0\u00bb#000000&Prime; button_one_bg_color=\u00a0\u00bb#ffffff\u00a0\u00bb button_one_border_color=\u00a0\u00bb#ffffff\u00a0\u00bb button_one_font=\u00a0\u00bb|700|||||||\u00a0\u00bb button_one_use_icon=\u00a0\u00bboff\u00a0\u00bb custom_button_two=\u00a0\u00bbon\u00a0\u00bb button_two_font=\u00a0\u00bb|700|||||||\u00a0\u00bb button_two_use_icon=\u00a0\u00bboff\u00a0\u00bb custom_padding=\u00a0\u00bb15px||36px||false|false\u00a0\u00bb animation_style=\u00a0\u00bbfade\u00a0\u00bb title_font_size_tablet=\u00a0\u00bb36px\u00a0\u00bb title_font_size_phone=\u00a0\u00bb24px\u00a0\u00bb title_font_size_last_edited=\u00a0\u00bbon|desktop\u00a0\u00bb button_one_text_color_hover=\u00a0\u00bb#ffffff\u00a0\u00bb button_two_text_color_hover=\u00a0\u00bb#ffffff\u00a0\u00bb button_one_border_color_hover=\u00a0\u00bb#ffffff\u00a0\u00bb button_two_border_color_hover=\u00a0\u00bb#ffffff\u00a0\u00bb button_one_bg_color_hover=\u00a0\u00bbrgba(255,255,255,0)\u00a0\u00bb button_two_bg_color_hover=\u00a0\u00bbrgba(0,0,0,0)\u00a0\u00bb global_colors_info=\u00a0\u00bb{}\u00a0\u00bb button_one_text_size__hover_enabled=\u00a0\u00bboff\u00a0\u00bb button_two_text_size__hover_enabled=\u00a0\u00bboff\u00a0\u00bb button_one_text_color__hover_enabled=\u00a0\u00bbon\u00a0\u00bb button_one_text_color__hover=\u00a0\u00bb#ffffff\u00a0\u00bb button_two_text_color__hover_enabled=\u00a0\u00bbon\u00a0\u00bb button_two_text_color__hover=\u00a0\u00bb#ffffff\u00a0\u00bb button_one_border_width__hover_enabled=\u00a0\u00bboff\u00a0\u00bb button_two_border_width__hover_enabled=\u00a0\u00bboff\u00a0\u00bb button_one_border_color__hover_enabled=\u00a0\u00bbon\u00a0\u00bb button_one_border_color__hover=\u00a0\u00bb#ffffff\u00a0\u00bb button_two_border_color__hover_enabled=\u00a0\u00bbon\u00a0\u00bb button_two_border_color__hover=\u00a0\u00bb#ffffff\u00a0\u00bb button_one_border_radius__hover_enabled=\u00a0\u00bboff\u00a0\u00bb button_two_border_radius__hover_enabled=\u00a0\u00bboff\u00a0\u00bb button_one_letter_spacing__hover_enabled=\u00a0\u00bboff\u00a0\u00bb button_two_letter_spacing__hover_enabled=\u00a0\u00bboff\u00a0\u00bb button_one_bg_color__hover_enabled=\u00a0\u00bbon\u00a0\u00bb button_one_bg_color__hover=\u00a0\u00bbrgba(255,255,255,0)\u00a0\u00bb button_two_bg_color__hover_enabled=\u00a0\u00bbon\u00a0\u00bb button_two_bg_color__hover=\u00a0\u00bbrgba(0,0,0,0)\u00a0\u00bb subhead_font_size=\u00a0\u00bb19px\u00a0\u00bb background_color=\u00a0\u00bb#302f70&Prime; background_enable_image=\u00a0\u00bboff\u00a0\u00bb background_position=\u00a0\u00bbbottom_left\u00a0\u00bb][\/et_pb_fullwidth_header][\/et_pb_section][et_pb_section fb_built=\u00a0\u00bb1&Prime; custom_padding_last_edited=\u00a0\u00bbon|tablet\u00a0\u00bb admin_label=\u00a0\u00bbCTA 1&Prime; module_class=\u00a0\u00bbsfly_cta sfly_cta_1&Prime; _builder_version=\u00a0\u00bb4.17.6&Prime; custom_padding=\u00a0\u00bb|||\u00a0\u00bb custom_padding_tablet=\u00a0\u00bb|||\u00a0\u00bb custom_padding_phone=\u00a0\u00bb\u00a0\u00bb global_colors_info=\u00a0\u00bb{}\u00a0\u00bb][et_pb_row _builder_version=\u00a0\u00bb4.17.6&Prime; custom_padding=\u00a0\u00bb||0px|||\u00a0\u00bb global_colors_info=\u00a0\u00bb{}\u00a0\u00bb][et_pb_column type=\u00a0\u00bb4_4&Prime; _builder_version=\u00a0\u00bb4.16&Prime; custom_padding=\u00a0\u00bb|||\u00a0\u00bb global_colors_info=\u00a0\u00bb{}\u00a0\u00bb custom_padding__hover=\u00a0\u00bb|||\u00a0\u00bb][et_pb_text _builder_version=\u00a0\u00bb4.18.0&Prime; text_font_size=\u00a0\u00bb17px\u00a0\u00bb text_line_height=\u00a0\u00bb1.2em\u00a0\u00bb header_font=\u00a0\u00bbAnton||||||||\u00a0\u00bb header_3_font=\u00a0\u00bbAnton||||||||\u00a0\u00bb global_colors_info=\u00a0\u00bb{}\u00a0\u00bb]<\/p>\n<h2><span style=\"font-weight: 400;\">\u00c9cole priv\u00e9e<\/span><span style=\"font-weight: 400;\"> Roberts\/Smart <\/span><\/h2>\n<p><span style=\"font-weight: 400;\">L\u2019\u00e9cole priv\u00e9e Roberts\/Smart offre des services \u00e0 long terme ou temporaires aux \u00e9tudiants qui ont de la difficult\u00e9 \u00e0 fonctionner normalement dans un environnement scolaire ordinaire.<\/span><\/p>\n<p><span style=\"font-weight: 400;\">Les \u00e9tudiants de cette \u00e9cole ont la possibilit\u00e9 d\u2019obtenir des unit\u00e9s scolaires reconnues par la province tout en mettant une partie de leur \u00e9nergie \u00e0 faire face aux d\u00e9fis caus\u00e9s par leurs difficult\u00e9s comportementales. Le but du programme est de leur permettre l\u2019acquisition durable des comp\u00e9tences personnelles qui les m\u00e8neront \u00e0 la r\u00e9ussite scolaire.<\/span><\/p>\n<p>[\/et_pb_text][dipl_price_list number_of_columns=\u00a0\u00bb2&Prime; _builder_version=\u00a0\u00bb4.17.6&Prime; _module_preset=\u00a0\u00bbdefault\u00a0\u00bb global_colors_info=\u00a0\u00bb{}\u00a0\u00bb][\/dipl_price_list][\/et_pb_column][\/et_pb_row][et_pb_row _builder_version=\u00a0\u00bb4.17.6&Prime; _module_preset=\u00a0\u00bbdefault\u00a0\u00bb custom_padding=\u00a0\u00bb||0px|||\u00a0\u00bb global_colors_info=\u00a0\u00bb{}\u00a0\u00bb][et_pb_column type=\u00a0\u00bb4_4&Prime; _builder_version=\u00a0\u00bb4.17.6&Prime; _module_preset=\u00a0\u00bbdefault\u00a0\u00bb global_colors_info=\u00a0\u00bb{}\u00a0\u00bb][et_pb_text _builder_version=\u00a0\u00bb4.18.0&Prime; _module_preset=\u00a0\u00bbdefault\u00a0\u00bb header_2_font_size=\u00a0\u00bb27px\u00a0\u00bb width=\u00a0\u00bb72%\u00a0\u00bb module_alignment=\u00a0\u00bbcenter\u00a0\u00bb global_colors_info=\u00a0\u00bb{}\u00a0\u00bb]<\/p>\n<h2 style=\"text-align: center;\"><strong>L\u2019\u00e9cole priv\u00e9e Debbie Campbell Learning Academy offre:<\/strong><\/h2>\n<p>[\/et_pb_text][\/et_pb_column][\/et_pb_row][et_pb_row _builder_version=\u00a0\u00bb4.17.6&Prime; _module_preset=\u00a0\u00bbdefault\u00a0\u00bb custom_padding=\u00a0\u00bb26px|||||\u00a0\u00bb global_colors_info=\u00a0\u00bb{}\u00a0\u00bb][et_pb_column type=\u00a0\u00bb4_4&Prime; _builder_version=\u00a0\u00bb4.17.6&Prime; _module_preset=\u00a0\u00bbdefault\u00a0\u00bb global_colors_info=\u00a0\u00bb{}\u00a0\u00bb][et_pb_text _builder_version=\u00a0\u00bb4.18.0&Prime; _module_preset=\u00a0\u00bbdefault\u00a0\u00bb text_font_size=\u00a0\u00bb17px\u00a0\u00bb header_font=\u00a0\u00bb|700|||||||\u00a0\u00bb header_3_font=\u00a0\u00bb|300||on|||||\u00a0\u00bb header_3_text_align=\u00a0\u00bbleft\u00a0\u00bb header_3_text_color=\u00a0\u00bb#312f72&Prime; header_3_font_size=\u00a0\u00bb46px\u00a0\u00bb header_3_line_height=\u00a0\u00bb1.2em\u00a0\u00bb header_4_font_size=\u00a0\u00bb16px\u00a0\u00bb header_4_letter_spacing=\u00a0\u00bb1px\u00a0\u00bb width=\u00a0\u00bb90%\u00a0\u00bb module_alignment=\u00a0\u00bbcenter\u00a0\u00bb box_shadow_style=\u00a0\u00bbpreset1&Prime; global_colors_info=\u00a0\u00bb{}\u00a0\u00bb]<\/p>\n<table border=\"1\" style=\"background-color: transparent;\">\n<tbody>\n<tr>\n<td style=\"width: 272.531px;\">\n<h3><strong><span style=\"font-size: 16px;\">UNIT\u00c9S SCOLAIRES RECONNUES PAR LA PROVINCEDE L&rsquo;ONTARIO<\/span><\/strong><\/h3>\n<\/td>\n<td style=\"width: 273.469px;\">\n<h3><strong><span style=\"font-size: 16px;\">AUTRES POSSIBILITI\u00c9S<\/span><\/strong><\/h3>\n<\/td>\n<\/tr>\n<tr>\n<td style=\"width: 272.531px;\">\n<h4><b>9e et 10e ann\u00e9es<\/b><\/h4>\n<p><span style=\"font-weight: 400;\">Anglais<\/span><span style=\"font-weight: 400;\"><br \/><\/span><span style=\"font-weight: 400;\">Math\u00e9matiques<\/span><span style=\"font-weight: 400;\"><br \/><\/span><span style=\"font-weight: 400;\">Sciences<\/span><span style=\"font-weight: 400;\"><br \/><\/span><span style=\"font-weight: 400;\">Nutrition<\/span><span style=\"font-weight: 400;\"><br \/><\/span><span style=\"font-weight: 400;\">Vie en famille<\/span><span style=\"font-weight: 400;\"><br \/><\/span><span style=\"font-weight: 400;\">Vie en sant\u00e9<\/span><span style=\"font-weight: 400;\"><br \/><\/span><span style=\"font-weight: 400;\">Musique<\/span><span style=\"font-weight: 400;\"><br \/><\/span><span style=\"font-weight: 400;\">Arts visuels<\/span><span style=\"font-weight: 400;\"><br \/><\/span><span style=\"font-weight: 400;\">Commerce<\/span><\/p>\n<h4><b>9e ann\u00e9e<\/b><\/h4>\n<h4><span style=\"font-weight: 400;\">G\u00e9ographie<\/span><span style=\"font-weight: 400;\"><br \/><\/span><span style=\"font-weight: 400;\">Strat\u00e9gies d\u2019apprentissage<\/span><\/h4>\n<p><span style=\"font-weight: 400;\"><\/span><\/p>\n<h4><b>10e ann\u00e9e<\/b><\/h4>\n<h4><span style=\"font-weight: 400;\">Histoire du Canada<\/span><span style=\"font-weight: 400;\"><br \/><\/span><span style=\"font-weight: 400;\">Citoyennet\u00e9<\/span><span style=\"font-weight: 400;\"><br \/><\/span><span style=\"font-weight: 400;\">Orientation<\/span><\/h4>\n<p><span style=\"font-weight: 400;\"><\/span><\/p>\n<h4><b>Autres<\/b><\/h4>\n<h4><span style=\"font-weight: 400;\">Cours de la CEI<\/span><\/h4>\n<p><span style=\"font-weight: 400;\"><\/span><\/p>\n<h4><b>Cours de l\u2019\u00e9cole primaire<\/b><\/h4>\n<p><strong><\/strong><\/p>\n<\/td>\n<td style=\"width: 273.469px;\">\n<p><span style=\"font-weight: 400;\">Programme scolaire individualis\u00e9<\/span><span style=\"font-weight: 400;\"><br \/><\/span><span style=\"font-weight: 400;\"><br \/><\/span><span style=\"font-weight: 400;\">\u00c9cole priv\u00e9e agr\u00e9\u00e9e<\/span><span style=\"font-weight: 400;\"><br \/><\/span><span style=\"font-weight: 400;\"><br \/><\/span><span style=\"font-weight: 400;\">Conseillers scolaires exp\u00e9riment\u00e9s<\/span><span style=\"font-weight: 400;\"><br \/><\/span><span style=\"font-weight: 400;\"><br \/><\/span><span style=\"font-weight: 400;\">Programmes de d\u00e9jeuner et de diner<\/span><span style=\"font-weight: 400;\"><br \/><\/span><span style=\"font-weight: 400;\"><br \/><\/span><span style=\"font-weight: 400;\">Programme d\u2019\u00e9ducation physique<\/span><span style=\"font-weight: 400;\"><br \/><\/span><span style=\"font-weight: 400;\"><br \/><\/span><span style=\"font-weight: 400;\">Programme de musique<\/span><span style=\"font-weight: 400;\"><br \/><\/span><span style=\"font-weight: 400;\"><br \/><\/span><span style=\"font-weight: 400;\">Sorties scolaires<\/span><span style=\"font-weight: 400;\"><br \/><\/span><span style=\"font-weight: 400;\"><br \/><\/span><span style=\"font-weight: 400;\">Supervision et soutien scolaire<\/span><span style=\"font-weight: 400;\"><br \/><\/span><span style=\"font-weight: 400;\"><br \/><\/span><span style=\"font-weight: 400;\">Programme coop\u00e9ratif<\/span><span style=\"font-weight: 400;\"><br \/><\/span><span style=\"font-weight: 400;\"><br \/><\/span><span style=\"font-weight: 400;\">Acc\u00e8s aux ordinateurs et \u00e0 l\u2019internet<\/span><span style=\"font-weight: 400;\"><br \/><\/span><span style=\"font-weight: 400;\"><br \/><\/span><span style=\"font-weight: 400;\">Programme d\u2019\u00e9mulation personnel ou de groupe<\/span><\/p>\n<p>&nbsp;<\/p>\n<p>&nbsp;<\/p>\n<p>&nbsp;<\/p>\n<p>&nbsp;<\/p>\n<\/td>\n<\/tr>\n<\/tbody>\n<\/table>\n<p>[\/et_pb_text][\/et_pb_column][\/et_pb_row][\/et_pb_section]<\/p>\n","protected":false},"excerpt":{"rendered":"<p>\u00c9cole priv\u00e9e Roberts\/Smart L\u2019\u00e9cole priv\u00e9e Roberts\/Smart offre des services \u00e0 long terme ou temporaires aux \u00e9tudiants qui ont de la difficult\u00e9 \u00e0 fonctionner normalement dans un environnement scolaire ordinaire. Les \u00e9tudiants de cette \u00e9cole ont la possibilit\u00e9 d\u2019obtenir des unit\u00e9s scolaires reconnues par la province tout en mettant une partie de leur \u00e9nergie \u00e0 faire [&hellip;]<\/p>\n","protected":false},"author":14,"featured_media":0,"parent":100882,"menu_order":0,"comment_status":"closed","ping_status":"closed","template":"","meta":{"_et_pb_use_builder":"on","_et_pb_old_content":"","_et_gb_content_width":"","inline_featured_image":false,"footnotes":""},"class_list":["post-100893","page","type-page","status-publish","hentry"],"yoast_head":"<!-- This site is optimized with the Yoast SEO plugin v27.4 - https:\/\/yoast.com\/product\/yoast-seo-wordpress\/ -->\n<title>\u00c9COLE PRIV\u00c9E ROBERTS\/SMART - Roberts Smart Centre<\/title>\n<meta name=\"robots\" content=\"index, follow, max-snippet:-1, max-image-preview:large, max-video-preview:-1\" \/>\n<link rel=\"canonical\" href=\"https:\/\/www.robertssmartcentre.com\/fr\/ce-que-nous-faisons\/roberts-smart-academy\/\" \/>\n<meta property=\"og:locale\" content=\"fr_FR\" \/>\n<meta property=\"og:type\" content=\"article\" \/>\n<meta property=\"og:title\" content=\"\u00c9COLE PRIV\u00c9E ROBERTS\/SMART - Roberts Smart Centre\" \/>\n<meta property=\"og:description\" content=\"\u00c9cole priv\u00e9e Roberts\/Smart L\u2019\u00e9cole priv\u00e9e Roberts\/Smart offre des services \u00e0 long terme ou temporaires aux \u00e9tudiants qui ont de la difficult\u00e9 \u00e0 fonctionner normalement dans un environnement scolaire ordinaire. Les \u00e9tudiants de cette \u00e9cole ont la possibilit\u00e9 d\u2019obtenir des unit\u00e9s scolaires reconnues par la province tout en mettant une partie de leur \u00e9nergie \u00e0 faire [&hellip;]\" \/>\n<meta property=\"og:url\" content=\"https:\/\/www.robertssmartcentre.com\/fr\/ce-que-nous-faisons\/roberts-smart-academy\/\" \/>\n<meta property=\"og:site_name\" content=\"Roberts Smart Centre\" \/>\n<meta property=\"article:modified_time\" content=\"2022-09-08T18:26:25+00:00\" \/>\n<meta name=\"twitter:card\" content=\"summary_large_image\" \/>\n<meta name=\"twitter:label1\" content=\"Dur\u00e9e de lecture estim\u00e9e\" \/>\n\t<meta name=\"twitter:data1\" content=\"4 minutes\" \/>\n<script type=\"application\/ld+json\" class=\"yoast-schema-graph\">{\"@context\":\"https:\\\/\\\/schema.org\",\"@graph\":[{\"@type\":\"WebPage\",\"@id\":\"https:\\\/\\\/www.robertssmartcentre.com\\\/fr\\\/ce-que-nous-faisons\\\/roberts-smart-academy\\\/\",\"url\":\"https:\\\/\\\/www.robertssmartcentre.com\\\/fr\\\/ce-que-nous-faisons\\\/roberts-smart-academy\\\/\",\"name\":\"\u00c9COLE PRIV\u00c9E ROBERTS\\\/SMART - Roberts Smart Centre\",\"isPartOf\":{\"@id\":\"https:\\\/\\\/www.robertssmartcentre.com\\\/#website\"},\"datePublished\":\"2022-08-11T12:24:03+00:00\",\"dateModified\":\"2022-09-08T18:26:25+00:00\",\"breadcrumb\":{\"@id\":\"https:\\\/\\\/www.robertssmartcentre.com\\\/fr\\\/ce-que-nous-faisons\\\/roberts-smart-academy\\\/#breadcrumb\"},\"inLanguage\":\"fr-FR\",\"potentialAction\":[{\"@type\":\"ReadAction\",\"target\":[\"https:\\\/\\\/www.robertssmartcentre.com\\\/fr\\\/ce-que-nous-faisons\\\/roberts-smart-academy\\\/\"]}]},{\"@type\":\"BreadcrumbList\",\"@id\":\"https:\\\/\\\/www.robertssmartcentre.com\\\/fr\\\/ce-que-nous-faisons\\\/roberts-smart-academy\\\/#breadcrumb\",\"itemListElement\":[{\"@type\":\"ListItem\",\"position\":1,\"name\":\"Home\",\"item\":\"https:\\\/\\\/www.robertssmartcentre.com\\\/fr\\\/\"},{\"@type\":\"ListItem\",\"position\":2,\"name\":\"Ce que nous faisons\",\"item\":\"https:\\\/\\\/www.robertssmartcentre.com\\\/fr\\\/ce-que-nous-faisons\\\/\"},{\"@type\":\"ListItem\",\"position\":3,\"name\":\"\u00c9COLE PRIV\u00c9E ROBERTS\\\/SMART\"}]},{\"@type\":\"WebSite\",\"@id\":\"https:\\\/\\\/www.robertssmartcentre.com\\\/#website\",\"url\":\"https:\\\/\\\/www.robertssmartcentre.com\\\/\",\"name\":\"Roberts Smart Centre\",\"description\":\"Empowering youth, families, and communities\",\"potentialAction\":[{\"@type\":\"SearchAction\",\"target\":{\"@type\":\"EntryPoint\",\"urlTemplate\":\"https:\\\/\\\/www.robertssmartcentre.com\\\/?s={search_term_string}\"},\"query-input\":{\"@type\":\"PropertyValueSpecification\",\"valueRequired\":true,\"valueName\":\"search_term_string\"}}],\"inLanguage\":\"fr-FR\"}]}<\/script>\n<!-- \/ Yoast SEO plugin. -->","yoast_head_json":{"title":"\u00c9COLE PRIV\u00c9E ROBERTS\/SMART - Roberts Smart Centre","robots":{"index":"index","follow":"follow","max-snippet":"max-snippet:-1","max-image-preview":"max-image-preview:large","max-video-preview":"max-video-preview:-1"},"canonical":"https:\/\/www.robertssmartcentre.com\/fr\/ce-que-nous-faisons\/roberts-smart-academy\/","og_locale":"fr_FR","og_type":"article","og_title":"\u00c9COLE PRIV\u00c9E ROBERTS\/SMART - Roberts Smart Centre","og_description":"\u00c9cole priv\u00e9e Roberts\/Smart L\u2019\u00e9cole priv\u00e9e Roberts\/Smart offre des services \u00e0 long terme ou temporaires aux \u00e9tudiants qui ont de la difficult\u00e9 \u00e0 fonctionner normalement dans un environnement scolaire ordinaire. Les \u00e9tudiants de cette \u00e9cole ont la possibilit\u00e9 d\u2019obtenir des unit\u00e9s scolaires reconnues par la province tout en mettant une partie de leur \u00e9nergie \u00e0 faire [&hellip;]","og_url":"https:\/\/www.robertssmartcentre.com\/fr\/ce-que-nous-faisons\/roberts-smart-academy\/","og_site_name":"Roberts Smart Centre","article_modified_time":"2022-09-08T18:26:25+00:00","twitter_card":"summary_large_image","twitter_misc":{"Dur\u00e9e de lecture estim\u00e9e":"4 minutes"},"schema":{"@context":"https:\/\/schema.org","@graph":[{"@type":"WebPage","@id":"https:\/\/www.robertssmartcentre.com\/fr\/ce-que-nous-faisons\/roberts-smart-academy\/","url":"https:\/\/www.robertssmartcentre.com\/fr\/ce-que-nous-faisons\/roberts-smart-academy\/","name":"\u00c9COLE PRIV\u00c9E ROBERTS\/SMART - Roberts Smart Centre","isPartOf":{"@id":"https:\/\/www.robertssmartcentre.com\/#website"},"datePublished":"2022-08-11T12:24:03+00:00","dateModified":"2022-09-08T18:26:25+00:00","breadcrumb":{"@id":"https:\/\/www.robertssmartcentre.com\/fr\/ce-que-nous-faisons\/roberts-smart-academy\/#breadcrumb"},"inLanguage":"fr-FR","potentialAction":[{"@type":"ReadAction","target":["https:\/\/www.robertssmartcentre.com\/fr\/ce-que-nous-faisons\/roberts-smart-academy\/"]}]},{"@type":"BreadcrumbList","@id":"https:\/\/www.robertssmartcentre.com\/fr\/ce-que-nous-faisons\/roberts-smart-academy\/#breadcrumb","itemListElement":[{"@type":"ListItem","position":1,"name":"Home","item":"https:\/\/www.robertssmartcentre.com\/fr\/"},{"@type":"ListItem","position":2,"name":"Ce que nous faisons","item":"https:\/\/www.robertssmartcentre.com\/fr\/ce-que-nous-faisons\/"},{"@type":"ListItem","position":3,"name":"\u00c9COLE PRIV\u00c9E ROBERTS\/SMART"}]},{"@type":"WebSite","@id":"https:\/\/www.robertssmartcentre.com\/#website","url":"https:\/\/www.robertssmartcentre.com\/","name":"Roberts Smart Centre","description":"Empowering youth, families, and communities","potentialAction":[{"@type":"SearchAction","target":{"@type":"EntryPoint","urlTemplate":"https:\/\/www.robertssmartcentre.com\/?s={search_term_string}"},"query-input":{"@type":"PropertyValueSpecification","valueRequired":true,"valueName":"search_term_string"}}],"inLanguage":"fr-FR"}]}},"_links":{"self":[{"href":"https:\/\/www.robertssmartcentre.com\/fr\/wp-json\/wp\/v2\/pages\/100893","targetHints":{"allow":["GET"]}}],"collection":[{"href":"https:\/\/www.robertssmartcentre.com\/fr\/wp-json\/wp\/v2\/pages"}],"about":[{"href":"https:\/\/www.robertssmartcentre.com\/fr\/wp-json\/wp\/v2\/types\/page"}],"author":[{"embeddable":true,"href":"https:\/\/www.robertssmartcentre.com\/fr\/wp-json\/wp\/v2\/users\/14"}],"replies":[{"embeddable":true,"href":"https:\/\/www.robertssmartcentre.com\/fr\/wp-json\/wp\/v2\/comments?post=100893"}],"version-history":[{"count":6,"href":"https:\/\/www.robertssmartcentre.com\/fr\/wp-json\/wp\/v2\/pages\/100893\/revisions"}],"predecessor-version":[{"id":101612,"href":"https:\/\/www.robertssmartcentre.com\/fr\/wp-json\/wp\/v2\/pages\/100893\/revisions\/101612"}],"up":[{"embeddable":true,"href":"https:\/\/www.robertssmartcentre.com\/fr\/wp-json\/wp\/v2\/pages\/100882"}],"wp:attachment":[{"href":"https:\/\/www.robertssmartcentre.com\/fr\/wp-json\/wp\/v2\/media?parent=100893"}],"curies":[{"name":"wp","href":"https:\/\/api.w.org\/{rel}","templated":true}]}}