{"id":100883,"date":"2022-08-11T08:24:22","date_gmt":"2022-08-11T12:24:22","guid":{"rendered":"https:\/\/rsc.diskdaddy.com\/ce-que-nous-faisons\/corath\/"},"modified":"2022-11-10T14:44:26","modified_gmt":"2022-11-10T19:44:26","slug":"corath","status":"publish","type":"page","link":"https:\/\/www.robertssmartcentre.com\/fr\/ce-que-nous-faisons\/corath\/","title":{"rendered":"CORATH"},"content":{"rendered":"<p>[et_pb_section fb_built=\u00a0\u00bb1&Prime; fullwidth=\u00a0\u00bbon\u00a0\u00bb admin_label=\u00a0\u00bbInterior Hero\u00a0\u00bb module_class=\u00a0\u00bbsfly_interior_hero_1 sfly_marketing\u00a0\u00bb _builder_version=\u00a0\u00bb4.18.0&Prime; background_enable_color=\u00a0\u00bboff\u00a0\u00bb saved_tabs=\u00a0\u00bball\u00a0\u00bb locked=\u00a0\u00bboff\u00a0\u00bb global_colors_info=\u00a0\u00bb{}\u00a0\u00bb][et_pb_fullwidth_header title=\u00a0\u00bb <\/p>\n<p>CORATH\u00a0\u00bb text_orientation=\u00a0\u00bbcenter\u00a0\u00bb module_class=\u00a0\u00bbsfly_fullwidth_header\u00a0\u00bb _builder_version=\u00a0\u00bb4.17.6&Prime; title_font=\u00a0\u00bb|700|||||||\u00a0\u00bb title_font_size=\u00a0\u00bb48px\u00a0\u00bb content_font=\u00a0\u00bb||||||||\u00a0\u00bb content_font_size=\u00a0\u00bb18px\u00a0\u00bb subhead_font=\u00a0\u00bb||||||||\u00a0\u00bb subhead_font_size=\u00a0\u00bb19px\u00a0\u00bb background_color=\u00a0\u00bb#302f70&Prime; background_enable_image=\u00a0\u00bboff\u00a0\u00bb background_position=\u00a0\u00bbbottom_left\u00a0\u00bb custom_button_one=\u00a0\u00bbon\u00a0\u00bb button_one_text_color=\u00a0\u00bb#000000&Prime; button_one_bg_color=\u00a0\u00bb#ffffff\u00a0\u00bb button_one_border_color=\u00a0\u00bb#ffffff\u00a0\u00bb button_one_font=\u00a0\u00bb|700|||||||\u00a0\u00bb button_one_use_icon=\u00a0\u00bboff\u00a0\u00bb custom_button_two=\u00a0\u00bbon\u00a0\u00bb button_two_font=\u00a0\u00bb|700|||||||\u00a0\u00bb button_two_use_icon=\u00a0\u00bboff\u00a0\u00bb custom_padding=\u00a0\u00bb15px||36px||false|false\u00a0\u00bb animation_style=\u00a0\u00bbfade\u00a0\u00bb title_font_size_tablet=\u00a0\u00bb36px\u00a0\u00bb title_font_size_phone=\u00a0\u00bb24px\u00a0\u00bb title_font_size_last_edited=\u00a0\u00bbon|desktop\u00a0\u00bb button_one_text_color_hover=\u00a0\u00bb#ffffff\u00a0\u00bb button_two_text_color_hover=\u00a0\u00bb#ffffff\u00a0\u00bb button_one_border_color_hover=\u00a0\u00bb#ffffff\u00a0\u00bb button_two_border_color_hover=\u00a0\u00bb#ffffff\u00a0\u00bb button_one_bg_color_hover=\u00a0\u00bbrgba(255,255,255,0)\u00a0\u00bb button_two_bg_color_hover=\u00a0\u00bbrgba(0,0,0,0)\u00a0\u00bb global_colors_info=\u00a0\u00bb{}\u00a0\u00bb button_one_text_size__hover_enabled=\u00a0\u00bboff\u00a0\u00bb button_two_text_size__hover_enabled=\u00a0\u00bboff\u00a0\u00bb button_one_text_color__hover_enabled=\u00a0\u00bbon\u00a0\u00bb button_one_text_color__hover=\u00a0\u00bb#ffffff\u00a0\u00bb button_two_text_color__hover_enabled=\u00a0\u00bbon\u00a0\u00bb button_two_text_color__hover=\u00a0\u00bb#ffffff\u00a0\u00bb button_one_border_width__hover_enabled=\u00a0\u00bboff\u00a0\u00bb button_two_border_width__hover_enabled=\u00a0\u00bboff\u00a0\u00bb button_one_border_color__hover_enabled=\u00a0\u00bbon\u00a0\u00bb button_one_border_color__hover=\u00a0\u00bb#ffffff\u00a0\u00bb button_two_border_color__hover_enabled=\u00a0\u00bbon\u00a0\u00bb button_two_border_color__hover=\u00a0\u00bb#ffffff\u00a0\u00bb button_one_border_radius__hover_enabled=\u00a0\u00bboff\u00a0\u00bb button_two_border_radius__hover_enabled=\u00a0\u00bboff\u00a0\u00bb button_one_letter_spacing__hover_enabled=\u00a0\u00bboff\u00a0\u00bb button_two_letter_spacing__hover_enabled=\u00a0\u00bboff\u00a0\u00bb button_one_bg_color__hover_enabled=\u00a0\u00bbon\u00a0\u00bb button_one_bg_color__hover=\u00a0\u00bbrgba(255,255,255,0)\u00a0\u00bb button_two_bg_color__hover_enabled=\u00a0\u00bbon\u00a0\u00bb button_two_bg_color__hover=\u00a0\u00bbrgba(0,0,0,0)\u00a0\u00bb][\/et_pb_fullwidth_header][\/et_pb_section][et_pb_section fb_built=\u00a0\u00bb1&Prime; custom_padding_last_edited=\u00a0\u00bbon|tablet\u00a0\u00bb admin_label=\u00a0\u00bbCTA 1&Prime; module_class=\u00a0\u00bbsfly_cta sfly_cta_1&Prime; _builder_version=\u00a0\u00bb4.17.6&Prime; custom_padding=\u00a0\u00bb|||\u00a0\u00bb custom_padding_tablet=\u00a0\u00bb|||\u00a0\u00bb custom_padding_phone=\u00a0\u00bb\u00a0\u00bb global_colors_info=\u00a0\u00bb{}\u00a0\u00bb][et_pb_row _builder_version=\u00a0\u00bb4.16&Prime; custom_padding=\u00a0\u00bb||10px|||\u00a0\u00bb global_colors_info=\u00a0\u00bb{}\u00a0\u00bb][et_pb_column type=\u00a0\u00bb4_4&Prime; _builder_version=\u00a0\u00bb4.16&Prime; custom_padding=\u00a0\u00bb|||\u00a0\u00bb global_colors_info=\u00a0\u00bb{}\u00a0\u00bb custom_padding__hover=\u00a0\u00bb|||\u00a0\u00bb][et_pb_text _builder_version=\u00a0\u00bb4.18.0&Prime; text_font_size=\u00a0\u00bb17px\u00a0\u00bb text_line_height=\u00a0\u00bb1.2em\u00a0\u00bb header_font=\u00a0\u00bbAnton||||||||\u00a0\u00bb header_3_font=\u00a0\u00bbAnton||||||||\u00a0\u00bb custom_margin=\u00a0\u00bb||13px|||\u00a0\u00bb global_colors_info=\u00a0\u00bb{}\u00a0\u00bb]<\/p>\n<h2>CORATH.ca<\/h2>\n<p><span style=\"font-weight: 400;\">Cr\u00e9er des opportunit\u00e9s et des ressources contre la traite des \u00eatres humains (CORATH) est un programme communautaire destin\u00e9 aux filles et aux jeunes LGBTQ2+, \u00e2g\u00e9s de 12 \u00e0 24 ans, qui ont \u00e9t\u00e9 ou risquent d&rsquo;\u00eatre victimes de la traite, notamment par le biais de l&rsquo;exploitation sexuelle.<\/span><\/p>\n<p><span style=\"font-weight: 400;\">Ce programme est le r\u00e9sultat d&rsquo;un effort de collaboration entre des organismes communautaires de premier plan, dont le Centre Roberts\/Smart, la Soci\u00e9t\u00e9 d&rsquo;aide \u00e0 l&rsquo;enfance d&rsquo;Ottawa, la Soci\u00e9t\u00e9 Elizabeth Fry d&rsquo;Ottawa et YouTurn.<\/span><\/p>\n<p><span style=\"font-weight: 400;\">Financ\u00e9 par le minist\u00e8re de l&rsquo;Enfance, des Services sociaux et communautaires de l&rsquo;Ontario, CORATH fournit une assistance 24\/7\/365 avec des services de sant\u00e9 mentale, un refuge, la s\u00e9curit\u00e9, une \u00e9ducation individualis\u00e9e, la navigation dans le syst\u00e8me et le mentorat des survivants.<\/span><\/p>\n<p><span style=\"font-weight: 400;\">Au Canada, Ottawa a le taux le plus \u00e9lev\u00e9 de traite de personnes \u00e0 l&rsquo;ext\u00e9rieur de Toronto. On estime qu&rsquo;au moins la moiti\u00e9 des jeunes qui fr\u00e9quentent le Roberts\/Smart Centre ont \u00e9t\u00e9 exploit\u00e9s ou risquent d&rsquo;\u00eatre exploit\u00e9s.<\/span><\/p>\n<p><strong>Nous sommes l\u00e0 pour vous:<\/strong><\/p>\n<p>Texte\/SMS: <a href=\"tel:613-576-4006\">613-576-4006<\/a><br \/>T\u00e9l\u00e9phoner: <a href=\"tel:1-888-918-0186\">1-888-918-0186<\/a><br \/>Email: <a href=\"mailto:CORATH@rsc-crs.com\">CORATH@rsc-crs.com<\/a><\/p>\n<p>[\/et_pb_text][\/et_pb_column][\/et_pb_row][\/et_pb_section]<\/p>\n","protected":false},"excerpt":{"rendered":"<p>CORATH.ca Cr\u00e9er des opportunit\u00e9s et des ressources contre la traite des \u00eatres humains (CORATH) est un programme communautaire destin\u00e9 aux filles et aux jeunes LGBTQ2+, \u00e2g\u00e9s de 12 \u00e0 24 ans, qui ont \u00e9t\u00e9 ou risquent d&rsquo;\u00eatre victimes de la traite, notamment par le biais de l&rsquo;exploitation sexuelle. Ce programme est le r\u00e9sultat d&rsquo;un effort [&hellip;]<\/p>\n","protected":false},"author":14,"featured_media":0,"parent":100882,"menu_order":0,"comment_status":"closed","ping_status":"closed","template":"","meta":{"_et_pb_use_builder":"on","_et_pb_old_content":"","_et_gb_content_width":"","inline_featured_image":false,"footnotes":""},"class_list":["post-100883","page","type-page","status-publish","hentry"],"yoast_head":"<!-- This site is optimized with the Yoast SEO plugin v27.4 - https:\/\/yoast.com\/product\/yoast-seo-wordpress\/ -->\n<title>CORATH - Roberts Smart Centre<\/title>\n<meta name=\"robots\" content=\"index, follow, max-snippet:-1, max-image-preview:large, max-video-preview:-1\" \/>\n<link rel=\"canonical\" href=\"https:\/\/www.robertssmartcentre.com\/fr\/ce-que-nous-faisons\/corath\/\" \/>\n<meta property=\"og:locale\" content=\"fr_FR\" \/>\n<meta property=\"og:type\" content=\"article\" \/>\n<meta property=\"og:title\" content=\"CORATH - Roberts Smart Centre\" \/>\n<meta property=\"og:description\" content=\"CORATH.ca Cr\u00e9er des opportunit\u00e9s et des ressources contre la traite des \u00eatres humains (CORATH) est un programme communautaire destin\u00e9 aux filles et aux jeunes LGBTQ2+, \u00e2g\u00e9s de 12 \u00e0 24 ans, qui ont \u00e9t\u00e9 ou risquent d&#039;\u00eatre victimes de la traite, notamment par le biais de l&#039;exploitation sexuelle. Ce programme est le r\u00e9sultat d&#039;un effort [&hellip;]\" \/>\n<meta property=\"og:url\" content=\"https:\/\/www.robertssmartcentre.com\/fr\/ce-que-nous-faisons\/corath\/\" \/>\n<meta property=\"og:site_name\" content=\"Roberts Smart Centre\" \/>\n<meta property=\"article:modified_time\" content=\"2022-11-10T19:44:26+00:00\" \/>\n<meta name=\"twitter:card\" content=\"summary_large_image\" \/>\n<meta name=\"twitter:label1\" content=\"Dur\u00e9e de lecture estim\u00e9e\" \/>\n\t<meta name=\"twitter:data1\" content=\"3 minutes\" \/>\n<script type=\"application\/ld+json\" class=\"yoast-schema-graph\">{\"@context\":\"https:\\\/\\\/schema.org\",\"@graph\":[{\"@type\":\"WebPage\",\"@id\":\"https:\\\/\\\/www.robertssmartcentre.com\\\/fr\\\/ce-que-nous-faisons\\\/corath\\\/\",\"url\":\"https:\\\/\\\/www.robertssmartcentre.com\\\/fr\\\/ce-que-nous-faisons\\\/corath\\\/\",\"name\":\"CORATH - Roberts Smart Centre\",\"isPartOf\":{\"@id\":\"https:\\\/\\\/www.robertssmartcentre.com\\\/#website\"},\"datePublished\":\"2022-08-11T12:24:22+00:00\",\"dateModified\":\"2022-11-10T19:44:26+00:00\",\"breadcrumb\":{\"@id\":\"https:\\\/\\\/www.robertssmartcentre.com\\\/fr\\\/ce-que-nous-faisons\\\/corath\\\/#breadcrumb\"},\"inLanguage\":\"fr-FR\",\"potentialAction\":[{\"@type\":\"ReadAction\",\"target\":[\"https:\\\/\\\/www.robertssmartcentre.com\\\/fr\\\/ce-que-nous-faisons\\\/corath\\\/\"]}]},{\"@type\":\"BreadcrumbList\",\"@id\":\"https:\\\/\\\/www.robertssmartcentre.com\\\/fr\\\/ce-que-nous-faisons\\\/corath\\\/#breadcrumb\",\"itemListElement\":[{\"@type\":\"ListItem\",\"position\":1,\"name\":\"Home\",\"item\":\"https:\\\/\\\/www.robertssmartcentre.com\\\/fr\\\/\"},{\"@type\":\"ListItem\",\"position\":2,\"name\":\"Ce que nous faisons\",\"item\":\"https:\\\/\\\/www.robertssmartcentre.com\\\/fr\\\/ce-que-nous-faisons\\\/\"},{\"@type\":\"ListItem\",\"position\":3,\"name\":\"CORATH\"}]},{\"@type\":\"WebSite\",\"@id\":\"https:\\\/\\\/www.robertssmartcentre.com\\\/#website\",\"url\":\"https:\\\/\\\/www.robertssmartcentre.com\\\/\",\"name\":\"Roberts Smart Centre\",\"description\":\"Empowering youth, families, and communities\",\"potentialAction\":[{\"@type\":\"SearchAction\",\"target\":{\"@type\":\"EntryPoint\",\"urlTemplate\":\"https:\\\/\\\/www.robertssmartcentre.com\\\/?s={search_term_string}\"},\"query-input\":{\"@type\":\"PropertyValueSpecification\",\"valueRequired\":true,\"valueName\":\"search_term_string\"}}],\"inLanguage\":\"fr-FR\"}]}<\/script>\n<!-- \/ Yoast SEO plugin. -->","yoast_head_json":{"title":"CORATH - Roberts Smart Centre","robots":{"index":"index","follow":"follow","max-snippet":"max-snippet:-1","max-image-preview":"max-image-preview:large","max-video-preview":"max-video-preview:-1"},"canonical":"https:\/\/www.robertssmartcentre.com\/fr\/ce-que-nous-faisons\/corath\/","og_locale":"fr_FR","og_type":"article","og_title":"CORATH - Roberts Smart Centre","og_description":"CORATH.ca Cr\u00e9er des opportunit\u00e9s et des ressources contre la traite des \u00eatres humains (CORATH) est un programme communautaire destin\u00e9 aux filles et aux jeunes LGBTQ2+, \u00e2g\u00e9s de 12 \u00e0 24 ans, qui ont \u00e9t\u00e9 ou risquent d'\u00eatre victimes de la traite, notamment par le biais de l'exploitation sexuelle. Ce programme est le r\u00e9sultat d'un effort [&hellip;]","og_url":"https:\/\/www.robertssmartcentre.com\/fr\/ce-que-nous-faisons\/corath\/","og_site_name":"Roberts Smart Centre","article_modified_time":"2022-11-10T19:44:26+00:00","twitter_card":"summary_large_image","twitter_misc":{"Dur\u00e9e de lecture estim\u00e9e":"3 minutes"},"schema":{"@context":"https:\/\/schema.org","@graph":[{"@type":"WebPage","@id":"https:\/\/www.robertssmartcentre.com\/fr\/ce-que-nous-faisons\/corath\/","url":"https:\/\/www.robertssmartcentre.com\/fr\/ce-que-nous-faisons\/corath\/","name":"CORATH - Roberts Smart Centre","isPartOf":{"@id":"https:\/\/www.robertssmartcentre.com\/#website"},"datePublished":"2022-08-11T12:24:22+00:00","dateModified":"2022-11-10T19:44:26+00:00","breadcrumb":{"@id":"https:\/\/www.robertssmartcentre.com\/fr\/ce-que-nous-faisons\/corath\/#breadcrumb"},"inLanguage":"fr-FR","potentialAction":[{"@type":"ReadAction","target":["https:\/\/www.robertssmartcentre.com\/fr\/ce-que-nous-faisons\/corath\/"]}]},{"@type":"BreadcrumbList","@id":"https:\/\/www.robertssmartcentre.com\/fr\/ce-que-nous-faisons\/corath\/#breadcrumb","itemListElement":[{"@type":"ListItem","position":1,"name":"Home","item":"https:\/\/www.robertssmartcentre.com\/fr\/"},{"@type":"ListItem","position":2,"name":"Ce que nous faisons","item":"https:\/\/www.robertssmartcentre.com\/fr\/ce-que-nous-faisons\/"},{"@type":"ListItem","position":3,"name":"CORATH"}]},{"@type":"WebSite","@id":"https:\/\/www.robertssmartcentre.com\/#website","url":"https:\/\/www.robertssmartcentre.com\/","name":"Roberts Smart Centre","description":"Empowering youth, families, and communities","potentialAction":[{"@type":"SearchAction","target":{"@type":"EntryPoint","urlTemplate":"https:\/\/www.robertssmartcentre.com\/?s={search_term_string}"},"query-input":{"@type":"PropertyValueSpecification","valueRequired":true,"valueName":"search_term_string"}}],"inLanguage":"fr-FR"}]}},"_links":{"self":[{"href":"https:\/\/www.robertssmartcentre.com\/fr\/wp-json\/wp\/v2\/pages\/100883","targetHints":{"allow":["GET"]}}],"collection":[{"href":"https:\/\/www.robertssmartcentre.com\/fr\/wp-json\/wp\/v2\/pages"}],"about":[{"href":"https:\/\/www.robertssmartcentre.com\/fr\/wp-json\/wp\/v2\/types\/page"}],"author":[{"embeddable":true,"href":"https:\/\/www.robertssmartcentre.com\/fr\/wp-json\/wp\/v2\/users\/14"}],"replies":[{"embeddable":true,"href":"https:\/\/www.robertssmartcentre.com\/fr\/wp-json\/wp\/v2\/comments?post=100883"}],"version-history":[{"count":5,"href":"https:\/\/www.robertssmartcentre.com\/fr\/wp-json\/wp\/v2\/pages\/100883\/revisions"}],"predecessor-version":[{"id":102285,"href":"https:\/\/www.robertssmartcentre.com\/fr\/wp-json\/wp\/v2\/pages\/100883\/revisions\/102285"}],"up":[{"embeddable":true,"href":"https:\/\/www.robertssmartcentre.com\/fr\/wp-json\/wp\/v2\/pages\/100882"}],"wp:attachment":[{"href":"https:\/\/www.robertssmartcentre.com\/fr\/wp-json\/wp\/v2\/media?parent=100883"}],"curies":[{"name":"wp","href":"https:\/\/api.w.org\/{rel}","templated":true}]}}